{"id":595,"date":"2021-11-15T22:31:47","date_gmt":"2021-11-15T21:31:47","guid":{"rendered":"http:\/\/deutsche-klassik.de\/?page_id=595"},"modified":"2024-08-29T11:55:21","modified_gmt":"2024-08-29T09:55:21","slug":"impressum","status":"publish","type":"page","link":"https:\/\/deutsche-klassik.de\/en\/imprint\/","title":{"rendered":"Imprint"},"content":{"rendered":"<div data-elementor-type=\"wp-page\" data-elementor-id=\"595\" class=\"elementor elementor-595\">\n\t\t\t\t\t\t\t\t\t<section class=\"elementor-section elementor-top-section elementor-element elementor-element-64ed4c1 elementor-section-boxed elementor-section-height-default elementor-section-height-default\" data-id=\"64ed4c1\" data-element_type=\"section\" data-settings=\"{&quot;jet_parallax_layout_list&quot;:[{&quot;jet_parallax_layout_image&quot;:{&quot;url&quot;:&quot;&quot;,&quot;id&quot;:&quot;&quot;},&quot;_id&quot;:&quot;508eb02&quot;,&quot;jet_parallax_layout_image_tablet&quot;:{&quot;url&quot;:&quot;&quot;,&quot;id&quot;:&quot;&quot;},&quot;jet_parallax_layout_image_mobile&quot;:{&quot;url&quot;:&quot;&quot;,&quot;id&quot;:&quot;&quot;},&quot;jet_parallax_layout_speed&quot;:{&quot;unit&quot;:&quot;%&quot;,&quot;size&quot;:50,&quot;sizes&quot;:[]},&quot;jet_parallax_layout_type&quot;:&quot;scroll&quot;,&quot;jet_parallax_layout_direction&quot;:null,&quot;jet_parallax_layout_fx_direction&quot;:null,&quot;jet_parallax_layout_z_index&quot;:&quot;&quot;,&quot;jet_parallax_layout_bg_x&quot;:50,&quot;jet_parallax_layout_bg_x_tablet&quot;:&quot;&quot;,&quot;jet_parallax_layout_bg_x_mobile&quot;:&quot;&quot;,&quot;jet_parallax_layout_bg_y&quot;:50,&quot;jet_parallax_layout_bg_y_tablet&quot;:&quot;&quot;,&quot;jet_parallax_layout_bg_y_mobile&quot;:&quot;&quot;,&quot;jet_parallax_layout_bg_size&quot;:&quot;auto&quot;,&quot;jet_parallax_layout_bg_size_tablet&quot;:&quot;&quot;,&quot;jet_parallax_layout_bg_size_mobile&quot;:&quot;&quot;,&quot;jet_parallax_layout_animation_prop&quot;:&quot;transform&quot;,&quot;jet_parallax_layout_on&quot;:[&quot;desktop&quot;,&quot;tablet&quot;]}]}\">\n\t\t\t\t\t\t<div class=\"elementor-container elementor-column-gap-default\">\n\t\t\t\t\t<div class=\"elementor-column elementor-col-100 elementor-top-column elementor-element elementor-element-e2738f0\" data-id=\"e2738f0\" data-element_type=\"column\">\n\t\t\t<div class=\"elementor-widget-wrap elementor-element-populated\">\n\t\t\t\t\t\t\t\t<div class=\"elementor-element elementor-element-a7461f0 elementor-widget elementor-widget-text-editor\" data-id=\"a7461f0\" data-element_type=\"widget\" data-widget_type=\"text-editor.default\">\n\t\t\t\t<div class=\"elementor-widget-container\">\n\t\t\t<style>\/*! elementor - v3.10.1 - 17-01-2023 *\/\n.elementor-widget-text-editor.elementor-drop-cap-view-stacked .elementor-drop-cap{background-color:#818a91;color:#fff}.elementor-widget-text-editor.elementor-drop-cap-view-framed .elementor-drop-cap{color:#818a91;border:3px solid;background-color:transparent}.elementor-widget-text-editor:not(.elementor-drop-cap-view-default) .elementor-drop-cap{margin-top:8px}.elementor-widget-text-editor:not(.elementor-drop-cap-view-default) .elementor-drop-cap-letter{width:1em;height:1em}.elementor-widget-text-editor .elementor-drop-cap{float:left;text-align:center;line-height:1;font-size:50px}.elementor-widget-text-editor .elementor-drop-cap-letter{display:inline-block}<\/style>\t\t\t\t<div class=\"row one-col-row no-row-hoverimage row-14\"><div class=\"row-inner\"><div class=\"column-wrap\"><div class=\"col no-offset push-1 span-8 align-bottom no-parallax type-text no_100vh-carousel\" data-type=\"text\" data-yvel=\"1\"><div class=\"text lay-textformat-parent\"><h1>Imprint<\/h1><p>Diese Website sowie die Unternehmenspr\u00e4senzen unter<\/p><p><span style=\"text-decoration: underline;\"><a href=\"https:\/\/www.facebook.com\/dkdeutscheklassik\">www.facebook.com\/dkdeutscheklassik<\/a><\/span><br \/><span style=\"text-decoration: underline;\"><a href=\"https:\/\/www.youtube.com\/@DeutscheKlassik\">www.youtube.com\/@DeutscheKlassik<\/a><\/span><\/p><p>werden betrieben von:<\/p><\/div><\/div><\/div><\/div><\/div><div class=\"row one-col-row no-row-hoverimage row-15\"><div class=\"row-inner\"><div class=\"column-wrap\"><div id=\"kontakt\" class=\"col no-offset push-1 span-8 align-top no-parallax type-text no_100vh-carousel\" data-type=\"text\" data-yvel=\"1\"><div class=\"text lay-textformat-parent\"><p>DK Deutsche Klassik GmbH \u00b7 Alsterterrasse 10 \u00b7 D-20354 Hamburg<br \/>www.deutsche-klassik.de \u00b7 <a href=\"mailto:info@deutsche-klassik.de\" target=\"_blank\" rel=\"noopener\">info@deutsche-klassik.de<\/a><\/p><p>Legal representative: Pascal Funke (Managing Director), Burkhard Glashoff (Managing Director).<br \/>Prokuristen: Michael Gr\u00fcnler, Fabian He\u00dfel, Sebastian Madej, Carolin Storch<\/p><p>Register entry:<br \/>Commercial register Hamburg, Register number HRB 14836<\/p><p>Tax number: 42\/722\/00152 - Hamburg Tax Office - Am Tierpark<br \/>VAT ID No. according to \u00a7 27a of the Value Added Tax Act: DE811551037<\/p><p>Responsible for the content: Pascal Funke (address see above)<\/p><\/div><p>Mitglied im Bundesverband der Konzert- und Veranstaltungswirtschaft e. V.<br \/><a href=\"https:\/\/www.bdkv.de\/\" target=\"_blank\" rel=\"noopener noreferrer\">www.bdkv.de<\/a><\/p><\/div><\/div><\/div><\/div>\t\t\t\t\t\t<\/div>\n\t\t\t\t<\/div>\n\t\t\t\t\t<\/div>\n\t\t<\/div>\n\t\t\t\t\t\t\t<\/div>\n\t\t<\/section>\n\t\t\t\t<section class=\"elementor-section elementor-top-section elementor-element elementor-element-822b550 elementor-section-boxed elementor-section-height-default elementor-section-height-default\" data-id=\"822b550\" data-element_type=\"section\" data-settings=\"{&quot;jet_parallax_layout_list&quot;:[]}\">\n\t\t\t\t\t\t<div class=\"elementor-container elementor-column-gap-default\">\n\t\t\t\t\t<div class=\"elementor-column elementor-col-25 elementor-top-column elementor-element elementor-element-d26f6d7\" data-id=\"d26f6d7\" data-element_type=\"column\">\n\t\t\t<div class=\"elementor-widget-wrap elementor-element-populated\">\n\t\t\t\t\t\t\t\t<div class=\"elementor-element elementor-element-7972f4b elementor-widget elementor-widget-image\" data-id=\"7972f4b\" data-element_type=\"widget\" data-widget_type=\"image.default\">\n\t\t\t\t<div class=\"elementor-widget-container\">\n\t\t\t<style>\/*! elementor - v3.10.1 - 17-01-2023 *\/\n.elementor-widget-image{text-align:center}.elementor-widget-image a{display:inline-block}.elementor-widget-image a img[src$=\".svg\"]{width:48px}.elementor-widget-image img{vertical-align:middle;display:inline-block}<\/style>\t\t\t\t\t\t\t\t\t\t\t\t<img loading=\"lazy\" decoding=\"async\" width=\"329\" height=\"78\" src=\"https:\/\/deutsche-klassik.de\/wp-content\/uploads\/2024\/01\/BDKV_Logo_Mitglied.svg\" class=\"attachment-large size-large wp-image-3678\" alt=\"\" \/>\t\t\t\t\t\t\t\t\t\t\t\t\t\t\t<\/div>\n\t\t\t\t<\/div>\n\t\t\t\t\t<\/div>\n\t\t<\/div>\n\t\t\t\t<div class=\"elementor-column elementor-col-25 elementor-top-column elementor-element elementor-element-2a6d8ea\" data-id=\"2a6d8ea\" data-element_type=\"column\">\n\t\t\t<div class=\"elementor-widget-wrap\">\n\t\t\t\t\t\t\t\t\t<\/div>\n\t\t<\/div>\n\t\t\t\t<div class=\"elementor-column elementor-col-50 elementor-top-column elementor-element elementor-element-b4fa3a6\" data-id=\"b4fa3a6\" data-element_type=\"column\">\n\t\t\t<div class=\"elementor-widget-wrap\">\n\t\t\t\t\t\t\t\t\t<\/div>\n\t\t<\/div>\n\t\t\t\t\t\t\t<\/div>\n\t\t<\/section>\n\t\t\t\t\t\t\t<\/div>","protected":false},"excerpt":{"rendered":"<p>Impressum Diese Website sowie die Unternehmenspr\u00e4senzen unter www.facebook.com\/dkdeutscheklassikwww.youtube.com\/@DeutscheKlassik werden betrieben von: DK Deutsche Klassik GmbH \u00b7 Alsterterrasse 10 \u00b7 D-20354 Hamburgwww.deutsche-klassik.de \u00b7 info@deutsche-klassik.de Vertretungsberechtigte Gesch\u00e4ftsf\u00fchrer: Pascal Funke, Burkhard GlashoffProkuristen: Michael Gr\u00fcnler, Fabian He\u00dfel, Sebastian Madej, Carolin Storch Registereintragung:Handelsregister Hamburg, Registernummer HRB 14836 Steuernummer: 42\/722\/00152 \u00b7 Finanzamt Hamburg \u2013 Am TierparkUSt-Id-Nr. gem. \u00a7 27a Umsatzsteuergesetz: DE811551037 [&hellip;]<\/p>","protected":false},"author":5,"featured_media":0,"parent":0,"menu_order":0,"comment_status":"closed","ping_status":"closed","template":"","meta":{"footnotes":""},"class_list":["post-595","page","type-page","status-publish","hentry"],"_links":{"self":[{"href":"https:\/\/deutsche-klassik.de\/en\/wp-json\/wp\/v2\/pages\/595","targetHints":{"allow":["GET"]}}],"collection":[{"href":"https:\/\/deutsche-klassik.de\/en\/wp-json\/wp\/v2\/pages"}],"about":[{"href":"https:\/\/deutsche-klassik.de\/en\/wp-json\/wp\/v2\/types\/page"}],"author":[{"embeddable":true,"href":"https:\/\/deutsche-klassik.de\/en\/wp-json\/wp\/v2\/users\/5"}],"replies":[{"embeddable":true,"href":"https:\/\/deutsche-klassik.de\/en\/wp-json\/wp\/v2\/comments?post=595"}],"version-history":[{"count":32,"href":"https:\/\/deutsche-klassik.de\/en\/wp-json\/wp\/v2\/pages\/595\/revisions"}],"predecessor-version":[{"id":4083,"href":"https:\/\/deutsche-klassik.de\/en\/wp-json\/wp\/v2\/pages\/595\/revisions\/4083"}],"wp:attachment":[{"href":"https:\/\/deutsche-klassik.de\/en\/wp-json\/wp\/v2\/media?parent=595"}],"curies":[{"name":"wp","href":"https:\/\/api.w.org\/{rel}","templated":true}]}}