{"id":3040,"date":"2022-06-08T13:18:09","date_gmt":"2022-06-08T11:18:09","guid":{"rendered":"https:\/\/deutsche-klassik.de\/?page_id=3040"},"modified":"2026-03-05T09:37:40","modified_gmt":"2026-03-05T08:37:40","slug":"jobs","status":"publish","type":"page","link":"https:\/\/deutsche-klassik.de\/en\/jobs\/","title":{"rendered":"Jobs"},"content":{"rendered":"<style>\/*! elementor - v3.10.1 - 17-01-2023 *\/<br \/>.elementor-heading-title{padding:0;margin:0;line-height:1}.elementor-widget-heading .elementor-heading-title[class*=elementor-size-]>a{color:inherit;font-size:inherit;line-height:inherit}.elementor-widget-heading .elementor-heading-title.elementor-size-small{font-size:15px}.elementor-widget-heading .elementor-heading-title.elementor-size-medium{font-size:19px}.elementor-widget-heading .elementor-heading-title.elementor-size-large{font-size:29px}.elementor-widget-heading .elementor-heading-title.elementor-size-xl{font-size:39px}.elementor-widget-heading .elementor-heading-title.elementor-size-xxl{font-size:59px}<\/style>\n<h2>Jobs<\/h2>\n<p>The <strong>DK Deutsche Klassik GmbH<\/strong> vereint neun erfolgreich gef\u00fchrte Konzertreihen in Nord- und Westdeutschland unter einem planerischen Dach. Dabei liegen uns stets die regionalen Besonderheiten einer jeden Stadt und die speziellen Bedingungen einer jeder Spielst\u00e4tte am Herzen. Deshalb gelingt es uns seit vielen Jahren, international renommierte Orchester, hochkar\u00e4tig besetzte Ensembles sowie namhafte Solistinnen und Solisten in die sch\u00f6nsten Konzerts\u00e4le Deutschlands zu holen.<\/p>\n<p>Unsere Veranstaltungsserien in Hamburg, D\u00fcsseldorf, Hannover, K\u00f6ln, Frankfurt, Braunschweig, Bremen, Stuttgart und Berlin geh\u00f6ren zu den traditionsreichsten Konzertreihen der Bundesrepublik und erfreuen sich eines sehr treuen Publikums. Alle neun Reihen z\u00e4hlen zu den tragenden S\u00e4ulen der regionalen Kulturlandschaft.<\/p>\n<p>&nbsp;<\/p>\n<div id=\"2-16\" class=\"panel panel-default panel-primary description-anchor-color\">\n<div id=\"2-17\" class=\"panel-body\">\n<p><strong>Zum n\u00e4chstm\u00f6glichen Zeitpunkt<\/strong> suchen wir eine<strong> Leitung f\u00fcr den Bereich Marketing &amp; Vertrieb (m\/w\/d) <\/strong>in Vollzeit.<\/p>\n<p>Wir freuen uns auf eine engagierte Pers\u00f6nlichkeit, die strategisch und unternehmerisch denkt, neue Impulse setzt und unser Unternehmen mit Weitblick weiterentwickelt. Sie bringen die F\u00e4higkeit mit, Chancen fr\u00fchzeitig zu erkennen, innovative Ideen einzubringen und diese zielgerichtet umzusetzen. Dabei \u00fcberzeugen Sie durch ein souver\u00e4nes und nachhaltiges Auftreten sowie durch ausgepr\u00e4gte F\u00fchrungskompetenz. Es gelingt Ihnen, Mitarbeitende zu motivieren, Orientierung zu geben und gemeinsam nachhaltige Ergebnisse zu erzielen.<\/p>\n<p>Das klingt nach Ihnen? Dann w\u00fcrden wir uns freuen, wenn Sie die nachfolgenden Aufgaben am Standort Hamburg \u00fcbernehmen m\u00f6chten:<\/p>\n<\/div>\n<\/div>\n<div id=\"2-18\" class=\"panel panel-default panel-primary description-anchor-color\">\n<h4><\/h4>\n<h4 id=\"2-19\" class=\"bold\">Die Aufgaben umfassen<\/h4>\n<div id=\"2-20\" class=\"panel-body\">\n<ul>\n<li>Als Leitung Marketing &amp; Vertrieb tragen Sie in enger Abstimmung mit der Gesch\u00e4ftsf\u00fchrung die strategische Gesamtverantwortung f\u00fcr s\u00e4mtliche Marketing- und Vertriebsaktivit\u00e4ten. Sie leiten ein interdisziplin\u00e4res Team im Bereich Marketing und Vertrieb, in dem die integrierte Umsetzung s\u00e4mtlicher Aktivit\u00e4ten das gemeinsame Ziel darstellt.<\/li>\n<li>Sie verantworten die Konzeption, Steuerung, Umsetzung und (budget\u00e4re) Kontrolle s\u00e4mtlicher Marketingma\u00dfnahmen mit Fokus auf Umsatz, Auslastung und Kundenbindung. Sie definieren und monitoren zentrale KPIs (Conversion, CAC, CLV, Renewal, Kampagnen-ROI).<\/li>\n<li>Sie zeichnen f\u00fcr eine datenbasierte und integrierte Steuerung und Weiterentwicklung des Ticket-Vertriebs verantwortlich.<\/li>\n<li>Sie steuern ein Data Warehouse-System und bauen dieses weiter aus (u.a. zur Optimierung von BI-Reportings).<\/li>\n<li>Sie realisieren eine ganzheitliche Kundenansprache unter Einsatz und Weiterentwicklung eines CRM-Systems (Single Customer View).<\/li>\n<li>Sie arbeiten eng mit der Abteilung Dramaturgie und Kommunikation an der Abstimmung von Content. Mit den KollegInnen im Ticketing und Service optimieren Sie das ganzheitliche Kundenerlebnis.<\/li>\n<li>Sie bauen Beziehungen und Netzwerke im Bereich Marketing &amp; Vertrieb auf und aus, insbesondere zu unseren langj\u00e4hrigen Partnern und Veranstaltungsst\u00e4tten.<\/li>\n<\/ul>\n<\/div>\n<\/div>\n<div id=\"2-21\" class=\"panel panel-default panel-primary description-anchor-color\">\n<h4><\/h4>\n<h4 id=\"2-22\" class=\"bold\">Ihr Profil<\/h4>\n<div id=\"2-23\" class=\"panel-body\">\n<ul>\n<li>Ein Abgeschlossenes Hochschulstudium im Bereich Kommunikation, Marketing, Vertriebsmanagement, BWL oder eine vergleichbare Qualifikation.<\/li>\n<li>Mehrj\u00e4hrige Erfahrung in leitender Funktion im Marketing- und\/oder Vertriebsumfeld, idealerweise im Veranstaltungswesen.<\/li>\n<li>Erfahrungen im Aufbau oder der Arbeit in einer Data Warehouse-Struktur.<\/li>\n<li>Erfahrungen im Einsatz von CRM-Systemen.<\/li>\n<li>Gute bis sehr gute Kenntnisse einer Ticketing Software, idealerweise EVENTIM-INHOUSE.<\/li>\n<li>Erfahrung im Einsatz und der Steuerung insbesondere digitaler Marketingkan\u00e4le (Kampagnensteuerung, Performance Marketing).<\/li>\n<\/ul>\n<\/div>\n<\/div>\n<div id=\"2-24\" class=\"panel panel-default panel-primary description-anchor-color\">\n<h4><\/h4>\n<h4 id=\"2-25\" class=\"bold\">Unser Angebot<\/h4>\n<div id=\"2-26\" class=\"panel-body\">\n<ul>\n<li>Vielseitige und spannende Aufgaben in einem inhabergef\u00fchrten Unternehmen mit kurzen Entscheidungswegen<\/li>\n<li>Konzertbesuche in einer Reihe der sch\u00f6nsten Konzerts\u00e4le Deutschlands<\/li>\n<li>Ein ergonomischer Arbeitsplatz in zentraler Lage in Hamburg<\/li>\n<li>Ein Deutschlandticket geh\u00f6rt ebenso zu unseren Benefits, wie die M\u00f6glichkeit einer verg\u00fcnstigten Urban Sports-Mitgliedschaft<\/li>\n<li>Ein umfangreiches Mental Health-Programm durch einen EAP Partner<\/li>\n<li>30 Tage Jahresurlaub<\/li>\n<\/ul>\n<\/div>\n<\/div>\n<div id=\"2-27\" class=\"panel panel-default panel-primary description-anchor-color\">\n<h1><\/h1>\n<div><\/div>\n<div id=\"2-28\" class=\"panel-body\">Klingt das nach Ihrem n\u00e4chsten Karriereschritt? Dann bewerben Sie sich \u00fcber unser <strong><a href=\"https:\/\/jobapplication.hrworks.de\/de\/apply?companyId=ao1ee5b4&amp;id=2ad5bb\">Bewerbungsformular<\/a><\/strong> mit Ihrem Lebenslauf, einem Motivationsschreiben und den relevanten Zeugnissen und werden Teil unseres Teams!<\/div>\n<div><\/div>\n<\/div>\n<div><\/div>\n<div><\/div>\n<div>\u00b7<\/div>\n<style>\/*! elementor - v3.10.1 - 17-01-2023 *\/<br \/>.elementor-widget-divider{--divider-border-style:none;--divider-border-width:1px;--divider-color:#2c2c2c;--divider-icon-size:20px;--divider-element-spacing:10px;--divider-pattern-height:24px;--divider-pattern-size:20px;--divider-pattern-url:none;--divider-pattern-repeat:repeat-x}.elementor-widget-divider .elementor-divider{display:flex}.elementor-widget-divider .elementor-divider__text{font-size:15px;line-height:1;max-width:95%}.elementor-widget-divider .elementor-divider__element{margin:0 var(--divider-element-spacing);flex-shrink:0}.elementor-widget-divider .elementor-icon{font-size:var(--divider-icon-size)}.elementor-widget-divider .elementor-divider-separator{display:flex;margin:0;direction:ltr}.elementor-widget-divider--view-line_icon .elementor-divider-separator,.elementor-widget-divider--view-line_text .elementor-divider-separator{align-items:center}.elementor-widget-divider--view-line_icon .elementor-divider-separator:after,.elementor-widget-divider--view-line_icon .elementor-divider-separator:before,.elementor-widget-divider--view-line_text .elementor-divider-separator:after,.elementor-widget-divider--view-line_text .elementor-divider-separator:before{display:block;content:\"\";border-bottom:0;flex-grow:1;border-top:var(--divider-border-width) var(--divider-border-style) var(--divider-color)}.elementor-widget-divider--element-align-left .elementor-divider .elementor-divider-separator>.elementor-divider__svg:first-of-type{flex-grow:0;flex-shrink:100}.elementor-widget-divider--element-align-left .elementor-divider-separator:before{content:none}.elementor-widget-divider--element-align-left .elementor-divider__element{margin-left:0}.elementor-widget-divider--element-align-right .elementor-divider .elementor-divider-separator>.elementor-divider__svg:last-of-type{flex-grow:0;flex-shrink:100}.elementor-widget-divider--element-align-right .elementor-divider-separator:after{content:none}.elementor-widget-divider--element-align-right .elementor-divider__element{margin-right:0}.elementor-widget-divider:not(.elementor-widget-divider--view-line_text):not(.elementor-widget-divider--view-line_icon) .elementor-divider-separator{border-top:var(--divider-border-width) var(--divider-border-style) var(--divider-color)}.elementor-widget-divider--separator-type-pattern{--divider-border-style:none}.elementor-widget-divider--separator-type-pattern.elementor-widget-divider--view-line .elementor-divider-separator,.elementor-widget-divider--separator-type-pattern:not(.elementor-widget-divider--view-line) .elementor-divider-separator:after,.elementor-widget-divider--separator-type-pattern:not(.elementor-widget-divider--view-line) .elementor-divider-separator:before,.elementor-widget-divider--separator-type-pattern:not([class*=elementor-widget-divider--view]) .elementor-divider-separator{width:100%;min-height:var(--divider-pattern-height);-webkit-mask-size:var(--divider-pattern-size) 100%;mask-size:var(--divider-pattern-size) 100%;-webkit-mask-repeat:var(--divider-pattern-repeat);mask-repeat:var(--divider-pattern-repeat);background-color:var(--divider-color);-webkit-mask-image:var(--divider-pattern-url);mask-image:var(--divider-pattern-url)}.elementor-widget-divider--no-spacing{--divider-pattern-size:auto}.elementor-widget-divider--bg-round{--divider-pattern-repeat:round}.rtl .elementor-widget-divider .elementor-divider__text{direction:rtl}.e-con-inner>.elementor-widget-divider,.e-con>.elementor-widget-divider{width:var(--container-widget-width);--flex-grow:var(--container-widget-flex-grow)}<\/style>","protected":false},"excerpt":{"rendered":"<p>Jobs Die DK Deutsche Klassik GmbH vereint neun erfolgreich gef\u00fchrte Konzertreihen in Nord- und Westdeutschland unter einem planerischen Dach. Dabei liegen uns stets die regionalen Besonderheiten einer jeden Stadt und die speziellen Bedingungen einer jeder Spielst\u00e4tte am Herzen. Deshalb gelingt es uns seit vielen Jahren, international renommierte Orchester, hochkar\u00e4tig besetzte Ensembles sowie namhafte Solistinnen und [&hellip;]<\/p>","protected":false},"author":6,"featured_media":0,"parent":0,"menu_order":0,"comment_status":"closed","ping_status":"closed","template":"","meta":{"footnotes":""},"class_list":["post-3040","page","type-page","status-publish","hentry"],"_links":{"self":[{"href":"https:\/\/deutsche-klassik.de\/en\/wp-json\/wp\/v2\/pages\/3040","targetHints":{"allow":["GET"]}}],"collection":[{"href":"https:\/\/deutsche-klassik.de\/en\/wp-json\/wp\/v2\/pages"}],"about":[{"href":"https:\/\/deutsche-klassik.de\/en\/wp-json\/wp\/v2\/types\/page"}],"author":[{"embeddable":true,"href":"https:\/\/deutsche-klassik.de\/en\/wp-json\/wp\/v2\/users\/6"}],"replies":[{"embeddable":true,"href":"https:\/\/deutsche-klassik.de\/en\/wp-json\/wp\/v2\/comments?post=3040"}],"version-history":[{"count":252,"href":"https:\/\/deutsche-klassik.de\/en\/wp-json\/wp\/v2\/pages\/3040\/revisions"}],"predecessor-version":[{"id":4465,"href":"https:\/\/deutsche-klassik.de\/en\/wp-json\/wp\/v2\/pages\/3040\/revisions\/4465"}],"wp:attachment":[{"href":"https:\/\/deutsche-klassik.de\/en\/wp-json\/wp\/v2\/media?parent=3040"}],"curies":[{"name":"wp","href":"https:\/\/api.w.org\/{rel}","templated":true}]}}